{"id":312759,"date":"2023-01-09T08:41:47","date_gmt":"2023-01-09T08:41:47","guid":{"rendered":"https:\/\/www.battlekart.com\/cookie-declaration\/"},"modified":"2024-07-01T09:34:33","modified_gmt":"2024-07-01T09:34:33","slug":"gestion-cookies","status":"publish","type":"page","link":"https:\/\/www.battlekart.com\/fr\/gestion-cookies\/","title":{"rendered":"Cookie Declaration"},"content":{"rendered":"\t\t<div data-elementor-type=\"wp-page\" data-elementor-id=\"312759\" class=\"elementor elementor-312759 elementor-312720\" data-elementor-post-type=\"page\">\n\t\t\t\t\t\t<section class=\"elementor-section elementor-top-section elementor-element elementor-element-1b2a5833 elementor-section-height-min-height elementor-section-boxed elementor-section-height-default elementor-section-items-middle\" data-id=\"1b2a5833\" data-element_type=\"section\" data-e-type=\"section\">\n\t\t\t\t\t\t<div class=\"elementor-container elementor-column-gap-default\">\n\t\t\t\t\t<div class=\"elementor-column elementor-col-100 elementor-top-column elementor-element elementor-element-eed84b6\" data-id=\"eed84b6\" data-element_type=\"column\" data-e-type=\"column\">\n\t\t\t<div class=\"elementor-widget-wrap elementor-element-populated\">\n\t\t\t\t\t\t<div class=\"elementor-element elementor-element-5db7c06 elementor-widget elementor-widget-heading\" data-id=\"5db7c06\" data-element_type=\"widget\" data-e-type=\"widget\" data-widget_type=\"heading.default\">\n\t\t\t\t<div class=\"elementor-widget-container\">\n\t\t\t\t\t<h1 class=\"elementor-heading-title elementor-size-default\">D\u00e9claration relative aux cookies<\/h1>\t\t\t\t<\/div>\n\t\t\t\t<\/div>\n\t\t\t\t\t<\/div>\n\t\t<\/div>\n\t\t\t\t\t<\/div>\n\t\t<\/section>\n\t\t\t\t<section class=\"elementor-section elementor-top-section elementor-element elementor-element-d3e89f8 elementor-section-boxed elementor-section-height-default elementor-section-height-default\" data-id=\"d3e89f8\" data-element_type=\"section\" data-e-type=\"section\">\n\t\t\t\t\t\t<div class=\"elementor-container elementor-column-gap-default\">\n\t\t\t\t\t<div class=\"elementor-column elementor-col-100 elementor-top-column elementor-element elementor-element-544c471\" data-id=\"544c471\" data-element_type=\"column\" data-e-type=\"column\">\n\t\t\t<div class=\"elementor-widget-wrap elementor-element-populated\">\n\t\t\t\t\t\t<div class=\"elementor-element elementor-element-dac5238 elementor-widget elementor-widget-wp-widget-cookiebot_declaration_widget\" data-id=\"dac5238\" data-element_type=\"widget\" data-e-type=\"widget\" data-widget_type=\"wp-widget-cookiebot_declaration_widget.default\">\n\t\t\t\t<div class=\"elementor-widget-container\">\n\t\t\t\t\t\t<div class=\"widget-text wp_widget_plugin_box cookiebot_cookie_declaration\">\n\t\t<h5><\/h5>\t\t<script\n\t\t\t\ttype=\"text\/javascript\"\n\t\t\t\tid=\"CookieDeclaration\"\n\t\t\t\tsrc=\"https:\/\/consent.cookiebot.com\/62ddb7c3-015f-4a2b-a271-c57d0c6c35dd\/cd.js\"\n\t\t\t\t\t\tasync\t\t>\n\t\t<\/script>\n\t<\/div>\n\t\t\t\t<\/div>\n\t\t\t\t<\/div>\n\t\t\t\t\t<\/div>\n\t\t<\/div>\n\t\t\t\t\t<\/div>\n\t\t<\/section>\n\t\t\t\t<\/div>\n\t\t","protected":false},"excerpt":{"rendered":"<p>D\u00e9claration relative aux cookies<\/p>\n","protected":false},"author":5,"featured_media":0,"parent":0,"menu_order":0,"comment_status":"closed","ping_status":"closed","template":"","meta":{"inline_featured_image":false,"footnotes":""},"class_list":["post-312759","page","type-page","status-publish","hentry"],"yoast_head":"<!-- This site is optimized with the Yoast SEO plugin v27.3 - https:\/\/yoast.com\/product\/yoast-seo-wordpress\/ -->\n<title>BattleKart - Gestion des cookies<\/title>\n<meta name=\"description\" content=\"Vous aimez les cookies ? Nous aussi, mais avec du chocolat ! Sur notre site, nous les utilisons avec parcimonie et vous informons ici de la mani\u00e8re dont ils sont employ\u00e9s.\" \/>\n<meta name=\"robots\" content=\"noindex, follow\" \/>\n<meta property=\"og:locale\" content=\"fr_FR\" \/>\n<meta property=\"og:type\" content=\"article\" \/>\n<meta property=\"og:title\" content=\"BattleKart - Gestion des cookies\" \/>\n<meta property=\"og:description\" content=\"Vous aimez les cookies ? Nous aussi, mais avec du chocolat ! Sur notre site, nous les utilisons avec parcimonie et vous informons ici de la mani\u00e8re dont ils sont employ\u00e9s.\" \/>\n<meta property=\"og:url\" content=\"https:\/\/www.battlekart.com\/fr\/gestion-cookies\/\" \/>\n<meta property=\"og:site_name\" content=\"BattleKart\" \/>\n<meta property=\"article:publisher\" content=\"https:\/\/www.facebook.com\/battlekart\" \/>\n<meta property=\"article:modified_time\" content=\"2024-07-01T09:34:33+00:00\" \/>\n<meta name=\"twitter:card\" content=\"summary_large_image\" \/>\n<meta name=\"twitter:title\" content=\"BattleKart - Gestion des cookies\" \/>\n<meta name=\"twitter:description\" content=\"Vous aimez les cookies ? Nous aussi, mais avec du chocolat ! Sur notre site, nous les utilisons avec parcimonie et vous informons ici de la mani\u00e8re dont ils sont employ\u00e9s.\" \/>\n<meta name=\"twitter:site\" content=\"@battlekart\" \/>\n<meta name=\"twitter:label1\" content=\"Dur\u00e9e de lecture estim\u00e9e\" \/>\n\t<meta name=\"twitter:data1\" content=\"8 minutes\" \/>\n<script type=\"application\/ld+json\" class=\"yoast-schema-graph\">{\"@context\":\"https:\\\/\\\/schema.org\",\"@graph\":[{\"@type\":\"WebPage\",\"@id\":\"https:\\\/\\\/www.battlekart.com\\\/fr\\\/gestion-cookies\\\/\",\"url\":\"https:\\\/\\\/www.battlekart.com\\\/fr\\\/gestion-cookies\\\/\",\"name\":\"BattleKart - Gestion des cookies\",\"isPartOf\":{\"@id\":\"https:\\\/\\\/www.battlekart.com\\\/fr\\\/#website\"},\"datePublished\":\"2023-01-09T08:41:47+00:00\",\"dateModified\":\"2024-07-01T09:34:33+00:00\",\"description\":\"Vous aimez les cookies ? Nous aussi, mais avec du chocolat ! Sur notre site, nous les utilisons avec parcimonie et vous informons ici de la mani\u00e8re dont ils sont employ\u00e9s.\",\"breadcrumb\":{\"@id\":\"https:\\\/\\\/www.battlekart.com\\\/fr\\\/gestion-cookies\\\/#breadcrumb\"},\"inLanguage\":\"fr-FR\",\"potentialAction\":[{\"@type\":\"ReadAction\",\"target\":[\"https:\\\/\\\/www.battlekart.com\\\/fr\\\/gestion-cookies\\\/\"]}]},{\"@type\":\"BreadcrumbList\",\"@id\":\"https:\\\/\\\/www.battlekart.com\\\/fr\\\/gestion-cookies\\\/#breadcrumb\",\"itemListElement\":[{\"@type\":\"ListItem\",\"position\":1,\"name\":\"Home\",\"item\":\"https:\\\/\\\/www.battlekart.com\\\/fr\\\/\"},{\"@type\":\"ListItem\",\"position\":2,\"name\":\"Cookie Declaration\"}]},{\"@type\":\"WebSite\",\"@id\":\"https:\\\/\\\/www.battlekart.com\\\/fr\\\/#website\",\"url\":\"https:\\\/\\\/www.battlekart.com\\\/fr\\\/\",\"name\":\"BattleKart\",\"description\":\"Beyond Reality\",\"publisher\":{\"@id\":\"https:\\\/\\\/www.battlekart.com\\\/fr\\\/#organization\"},\"potentialAction\":[{\"@type\":\"SearchAction\",\"target\":{\"@type\":\"EntryPoint\",\"urlTemplate\":\"https:\\\/\\\/www.battlekart.com\\\/fr\\\/?s={search_term_string}\"},\"query-input\":{\"@type\":\"PropertyValueSpecification\",\"valueRequired\":true,\"valueName\":\"search_term_string\"}}],\"inLanguage\":\"fr-FR\"},{\"@type\":\"Organization\",\"@id\":\"https:\\\/\\\/www.battlekart.com\\\/fr\\\/#organization\",\"name\":\"BattleKart\",\"url\":\"https:\\\/\\\/www.battlekart.com\\\/fr\\\/\",\"logo\":{\"@type\":\"ImageObject\",\"inLanguage\":\"fr-FR\",\"@id\":\"https:\\\/\\\/www.battlekart.com\\\/fr\\\/#\\\/schema\\\/logo\\\/image\\\/\",\"url\":\"https:\\\/\\\/wp-content.battlekart.com\\\/www\\\/uploads\\\/2022\\\/11\\\/Logo-BattleKart.png\",\"contentUrl\":\"https:\\\/\\\/wp-content.battlekart.com\\\/www\\\/uploads\\\/2022\\\/11\\\/Logo-BattleKart.png\",\"width\":1000,\"height\":750,\"caption\":\"BattleKart\"},\"image\":{\"@id\":\"https:\\\/\\\/www.battlekart.com\\\/fr\\\/#\\\/schema\\\/logo\\\/image\\\/\"},\"sameAs\":[\"https:\\\/\\\/www.facebook.com\\\/battlekart\",\"https:\\\/\\\/x.com\\\/battlekart\",\"https:\\\/\\\/www.instagram.com\\\/battlekart\\\/\",\"https:\\\/\\\/be.linkedin.com\\\/company\\\/battlekart\",\"https:\\\/\\\/www.youtube.com\\\/@BattleKart\",\"https:\\\/\\\/www.tiktok.com\\\/@battlekart\"]}]}<\/script>\n<!-- \/ Yoast SEO plugin. -->","yoast_head_json":{"title":"BattleKart - Gestion des cookies","description":"Vous aimez les cookies ? Nous aussi, mais avec du chocolat ! Sur notre site, nous les utilisons avec parcimonie et vous informons ici de la mani\u00e8re dont ils sont employ\u00e9s.","robots":{"index":"noindex","follow":"follow"},"og_locale":"fr_FR","og_type":"article","og_title":"BattleKart - Gestion des cookies","og_description":"Vous aimez les cookies ? Nous aussi, mais avec du chocolat ! Sur notre site, nous les utilisons avec parcimonie et vous informons ici de la mani\u00e8re dont ils sont employ\u00e9s.","og_url":"https:\/\/www.battlekart.com\/fr\/gestion-cookies\/","og_site_name":"BattleKart","article_publisher":"https:\/\/www.facebook.com\/battlekart","article_modified_time":"2024-07-01T09:34:33+00:00","twitter_card":"summary_large_image","twitter_title":"BattleKart - Gestion des cookies","twitter_description":"Vous aimez les cookies ? Nous aussi, mais avec du chocolat ! Sur notre site, nous les utilisons avec parcimonie et vous informons ici de la mani\u00e8re dont ils sont employ\u00e9s.","twitter_site":"@battlekart","twitter_misc":{"Dur\u00e9e de lecture estim\u00e9e":"8 minutes"},"schema":{"@context":"https:\/\/schema.org","@graph":[{"@type":"WebPage","@id":"https:\/\/www.battlekart.com\/fr\/gestion-cookies\/","url":"https:\/\/www.battlekart.com\/fr\/gestion-cookies\/","name":"BattleKart - Gestion des cookies","isPartOf":{"@id":"https:\/\/www.battlekart.com\/fr\/#website"},"datePublished":"2023-01-09T08:41:47+00:00","dateModified":"2024-07-01T09:34:33+00:00","description":"Vous aimez les cookies ? Nous aussi, mais avec du chocolat ! Sur notre site, nous les utilisons avec parcimonie et vous informons ici de la mani\u00e8re dont ils sont employ\u00e9s.","breadcrumb":{"@id":"https:\/\/www.battlekart.com\/fr\/gestion-cookies\/#breadcrumb"},"inLanguage":"fr-FR","potentialAction":[{"@type":"ReadAction","target":["https:\/\/www.battlekart.com\/fr\/gestion-cookies\/"]}]},{"@type":"BreadcrumbList","@id":"https:\/\/www.battlekart.com\/fr\/gestion-cookies\/#breadcrumb","itemListElement":[{"@type":"ListItem","position":1,"name":"Home","item":"https:\/\/www.battlekart.com\/fr\/"},{"@type":"ListItem","position":2,"name":"Cookie Declaration"}]},{"@type":"WebSite","@id":"https:\/\/www.battlekart.com\/fr\/#website","url":"https:\/\/www.battlekart.com\/fr\/","name":"BattleKart","description":"Beyond Reality","publisher":{"@id":"https:\/\/www.battlekart.com\/fr\/#organization"},"potentialAction":[{"@type":"SearchAction","target":{"@type":"EntryPoint","urlTemplate":"https:\/\/www.battlekart.com\/fr\/?s={search_term_string}"},"query-input":{"@type":"PropertyValueSpecification","valueRequired":true,"valueName":"search_term_string"}}],"inLanguage":"fr-FR"},{"@type":"Organization","@id":"https:\/\/www.battlekart.com\/fr\/#organization","name":"BattleKart","url":"https:\/\/www.battlekart.com\/fr\/","logo":{"@type":"ImageObject","inLanguage":"fr-FR","@id":"https:\/\/www.battlekart.com\/fr\/#\/schema\/logo\/image\/","url":"https:\/\/wp-content.battlekart.com\/www\/uploads\/2022\/11\/Logo-BattleKart.png","contentUrl":"https:\/\/wp-content.battlekart.com\/www\/uploads\/2022\/11\/Logo-BattleKart.png","width":1000,"height":750,"caption":"BattleKart"},"image":{"@id":"https:\/\/www.battlekart.com\/fr\/#\/schema\/logo\/image\/"},"sameAs":["https:\/\/www.facebook.com\/battlekart","https:\/\/x.com\/battlekart","https:\/\/www.instagram.com\/battlekart\/","https:\/\/be.linkedin.com\/company\/battlekart","https:\/\/www.youtube.com\/@BattleKart","https:\/\/www.tiktok.com\/@battlekart"]}]}},"_links":{"self":[{"href":"https:\/\/www.battlekart.com\/fr\/wp-json\/wp\/v2\/pages\/312759","targetHints":{"allow":["GET"]}}],"collection":[{"href":"https:\/\/www.battlekart.com\/fr\/wp-json\/wp\/v2\/pages"}],"about":[{"href":"https:\/\/www.battlekart.com\/fr\/wp-json\/wp\/v2\/types\/page"}],"author":[{"embeddable":true,"href":"https:\/\/www.battlekart.com\/fr\/wp-json\/wp\/v2\/users\/5"}],"replies":[{"embeddable":true,"href":"https:\/\/www.battlekart.com\/fr\/wp-json\/wp\/v2\/comments?post=312759"}],"version-history":[{"count":0,"href":"https:\/\/www.battlekart.com\/fr\/wp-json\/wp\/v2\/pages\/312759\/revisions"}],"wp:attachment":[{"href":"https:\/\/www.battlekart.com\/fr\/wp-json\/wp\/v2\/media?parent=312759"}],"curies":[{"name":"wp","href":"https:\/\/api.w.org\/{rel}","templated":true}]}}