{"id":4547,"date":"2022-12-01T13:28:48","date_gmt":"2022-12-01T13:28:48","guid":{"rendered":"https:\/\/www.battlekart.com\/?page_id=4547"},"modified":"2025-10-06T12:40:24","modified_gmt":"2025-10-06T12:40:24","slug":"terms","status":"publish","type":"page","link":"https:\/\/www.battlekart.com\/fr\/terms\/","title":{"rendered":"Conditions g\u00e9n\u00e9rales de vente"},"content":{"rendered":"\t\t<div data-elementor-type=\"wp-page\" data-elementor-id=\"4547\" class=\"elementor elementor-4547\" data-elementor-post-type=\"page\">\n\t\t\t\t\t\t<section class=\"elementor-section elementor-top-section elementor-element elementor-element-9f3b035 elementor-section-full_width elementor-section-content-middle elementor-section-height-default elementor-section-height-default\" data-id=\"9f3b035\" data-element_type=\"section\" data-e-type=\"section\">\n\t\t\t\t\t\t<div class=\"elementor-container elementor-column-gap-no\">\n\t\t\t\t\t<div class=\"elementor-column elementor-col-100 elementor-top-column elementor-element elementor-element-850d124\" data-id=\"850d124\" data-element_type=\"column\" data-e-type=\"column\">\n\t\t\t<div class=\"elementor-widget-wrap elementor-element-populated\">\n\t\t\t\t\t\t<div class=\"elementor-element elementor-element-381497f elementor-widget elementor-widget-heading\" data-id=\"381497f\" data-element_type=\"widget\" data-e-type=\"widget\" data-widget_type=\"heading.default\">\n\t\t\t\t<div class=\"elementor-widget-container\">\n\t\t\t\t\t<h1 class=\"elementor-heading-title elementor-size-default\">Conditions g\u00e9n\u00e9rales de vente<\/h1>\t\t\t\t<\/div>\n\t\t\t\t<\/div>\n\t\t\t\t\t<\/div>\n\t\t<\/div>\n\t\t\t\t\t<\/div>\n\t\t<\/section>\n\t\t\t\t<section class=\"elementor-section elementor-top-section elementor-element elementor-element-8beef5f elementor-section-boxed elementor-section-height-default elementor-section-height-default\" data-id=\"8beef5f\" data-element_type=\"section\" data-e-type=\"section\">\n\t\t\t\t\t\t<div class=\"elementor-container elementor-column-gap-default\">\n\t\t\t\t\t<div class=\"elementor-column elementor-col-100 elementor-top-column elementor-element elementor-element-1876b17\" data-id=\"1876b17\" data-element_type=\"column\" data-e-type=\"column\">\n\t\t\t<div class=\"elementor-widget-wrap elementor-element-populated\">\n\t\t\t\t\t\t<div class=\"elementor-element elementor-element-0dbfce6 elementor-widget elementor-widget-html\" data-id=\"0dbfce6\" data-element_type=\"widget\" data-e-type=\"widget\" data-widget_type=\"html.default\">\n\t\t\t\t<div class=\"elementor-widget-container\">\n\t\t\t\t\t<select onchange=\"terms(this.value)\" id=\"center_name\"><\/select>\n<script>\n\nvar centers,tabindex_centers\nvar url = \"https:\/\/api.battlekart.com\/Centers?fields=Centers.Name,Centers.Subdomain&filter=Centers.Longitude,nis&Centers.Latitude,nis&filter=Centers.Online,eq,1&join=Terms&filter=Terms.HTML,nis\";\nfetch(url)\n.then((centers) => centers.json())\n.then((centers_data) => {\n    centers = centers_data.Centers;\n    const queryString = window.location.search;\n    const urlParams = new URLSearchParams(queryString);\n    var center = urlParams.get('center')\n    if(center != null) {\n        if(center.indexOf('\/') != -1) {\n            center = center.slice(0, -1)\n        }\n    }\n    \n    var x = document.getElementById(\"center_name\");\n    const centersArray = Object.keys(centers).map(key => centers[key]);\n    centersArray.sort((a, b) => a.Name.localeCompare(b.Name));\n    \n    var html = '<option>S\u00e9lectionner un centre<\/option>'\n   \n    centersArray.forEach(center_data => {\n        var subdomain = center_data.Subdomain\n        html += '<option value=\"'+center_data.Id+'\" '+(subdomain==center?'selected' : '')+'>'+center_data.Name+'<\/option>'\n        if(subdomain == center) {\n            terms(center_data.Id)\n        }\n    })\n    \n    \n    x.innerHTML = html;\n});\n\n\nfunction terms(value) {\n    fetch('https:\/\/api.battlekart.com\/Terms?fields=Terms.HTML&filter=Terms.CenterId,eq,'+value)\n    .then((terms) => terms.json())\n    .then((terms_data) => {\n        var tabindex_ml = Object.keys(terms_data.Terms);\n        var html = terms_data.Terms[tabindex_ml[0]].HTML\n        document.getElementById('terms').innerHTML=html\n    });\n\n}\n\n<\/script>\n\t\t\t\t<\/div>\n\t\t\t\t<\/div>\n\t\t\t\t\t<\/div>\n\t\t<\/div>\n\t\t\t\t\t<\/div>\n\t\t<\/section>\n\t\t\t\t<section class=\"elementor-section elementor-top-section elementor-element elementor-element-2802328 elementor-section-boxed elementor-section-height-default elementor-section-height-default\" data-id=\"2802328\" data-element_type=\"section\" data-e-type=\"section\">\n\t\t\t\t\t\t<div class=\"elementor-container elementor-column-gap-default\">\n\t\t\t\t\t<div class=\"elementor-column elementor-col-100 elementor-top-column elementor-element elementor-element-5443972\" data-id=\"5443972\" data-element_type=\"column\" data-e-type=\"column\">\n\t\t\t<div class=\"elementor-widget-wrap elementor-element-populated\">\n\t\t\t\t\t\t<div class=\"elementor-element elementor-element-675a2c3 elementor-widget elementor-widget-html\" data-id=\"675a2c3\" data-element_type=\"widget\" data-e-type=\"widget\" data-widget_type=\"html.default\">\n\t\t\t\t<div class=\"elementor-widget-container\">\n\t\t\t\t\t<div id=\"terms\">\n    <p style=\"text-align:center; margin-bottom:225px\">\n        S\u00e9lectionnez un centre ci-dessus pour consulter ses conditions g\u00e9n\u00e9rales de vente\n    <\/p>\n<\/div>\n\n\t\t\t\t<\/div>\n\t\t\t\t<\/div>\n\t\t\t\t\t<\/div>\n\t\t<\/div>\n\t\t\t\t\t<\/div>\n\t\t<\/section>\n\t\t\t\t<\/div>\n\t\t","protected":false},"excerpt":{"rendered":"<p>Conditions g\u00e9n\u00e9rales de vente S\u00e9lectionnez un centre ci-dessus pour consulter ses conditions g\u00e9n\u00e9rales de vente<\/p>\n","protected":false},"author":5,"featured_media":0,"parent":0,"menu_order":0,"comment_status":"closed","ping_status":"closed","template":"","meta":{"inline_featured_image":false,"footnotes":""},"class_list":["post-4547","page","type-page","status-publish","hentry"],"yoast_head":"<!-- This site is optimized with the Yoast SEO plugin v27.3 - https:\/\/yoast.com\/product\/yoast-seo-wordpress\/ -->\n<title>BattleKart - Conditions g\u00e9n\u00e9rales de vente<\/title>\n<meta name=\"description\" content=\"S\u00e9lectionne ton centre BattleKart favori et parcours les conditions g\u00e9n\u00e9rales de vente qui y sont d\u2019application.\" \/>\n<meta name=\"robots\" content=\"index, follow, max-snippet:-1, max-image-preview:large, max-video-preview:-1\" \/>\n<link rel=\"canonical\" href=\"https:\/\/www.battlekart.com\/fr\/terms\/\" \/>\n<meta property=\"og:locale\" content=\"fr_FR\" \/>\n<meta property=\"og:type\" content=\"article\" \/>\n<meta property=\"og:title\" content=\"BattleKart - Conditions g\u00e9n\u00e9rales de vente\" \/>\n<meta property=\"og:description\" content=\"S\u00e9lectionne ton centre BattleKart favori et parcours les conditions g\u00e9n\u00e9rales de vente qui y sont d\u2019application.\" \/>\n<meta property=\"og:url\" content=\"https:\/\/www.battlekart.com\/fr\/terms\/\" \/>\n<meta property=\"og:site_name\" content=\"BattleKart\" \/>\n<meta property=\"article:publisher\" content=\"https:\/\/www.facebook.com\/battlekart\" \/>\n<meta property=\"article:modified_time\" content=\"2025-10-06T12:40:24+00:00\" \/>\n<meta name=\"twitter:card\" content=\"summary_large_image\" \/>\n<meta name=\"twitter:title\" content=\"BattleKart - Conditions g\u00e9n\u00e9rales de vente\" \/>\n<meta name=\"twitter:description\" content=\"S\u00e9lectionne ton centre BattleKart favori et parcours les conditions g\u00e9n\u00e9rales de vente qui y sont d\u2019application.\" \/>\n<meta name=\"twitter:site\" content=\"@battlekart\" \/>\n<meta name=\"twitter:label1\" content=\"Dur\u00e9e de lecture estim\u00e9e\" \/>\n\t<meta name=\"twitter:data1\" content=\"1 minute\" \/>\n<script type=\"application\/ld+json\" class=\"yoast-schema-graph\">{\"@context\":\"https:\\\/\\\/schema.org\",\"@graph\":[{\"@type\":\"WebPage\",\"@id\":\"https:\\\/\\\/www.battlekart.com\\\/fr\\\/terms\\\/\",\"url\":\"https:\\\/\\\/www.battlekart.com\\\/fr\\\/terms\\\/\",\"name\":\"BattleKart - Conditions g\u00e9n\u00e9rales de vente\",\"isPartOf\":{\"@id\":\"https:\\\/\\\/www.battlekart.com\\\/fr\\\/#website\"},\"datePublished\":\"2022-12-01T13:28:48+00:00\",\"dateModified\":\"2025-10-06T12:40:24+00:00\",\"description\":\"S\u00e9lectionne ton centre BattleKart favori et parcours les conditions g\u00e9n\u00e9rales de vente qui y sont d\u2019application.\",\"breadcrumb\":{\"@id\":\"https:\\\/\\\/www.battlekart.com\\\/fr\\\/terms\\\/#breadcrumb\"},\"inLanguage\":\"fr-FR\",\"potentialAction\":[{\"@type\":\"ReadAction\",\"target\":[\"https:\\\/\\\/www.battlekart.com\\\/fr\\\/terms\\\/\"]}]},{\"@type\":\"BreadcrumbList\",\"@id\":\"https:\\\/\\\/www.battlekart.com\\\/fr\\\/terms\\\/#breadcrumb\",\"itemListElement\":[{\"@type\":\"ListItem\",\"position\":1,\"name\":\"Home\",\"item\":\"https:\\\/\\\/www.battlekart.com\\\/fr\\\/\"},{\"@type\":\"ListItem\",\"position\":2,\"name\":\"Conditions g\u00e9n\u00e9rales de vente\"}]},{\"@type\":\"WebSite\",\"@id\":\"https:\\\/\\\/www.battlekart.com\\\/fr\\\/#website\",\"url\":\"https:\\\/\\\/www.battlekart.com\\\/fr\\\/\",\"name\":\"BattleKart\",\"description\":\"Beyond Reality\",\"publisher\":{\"@id\":\"https:\\\/\\\/www.battlekart.com\\\/fr\\\/#organization\"},\"potentialAction\":[{\"@type\":\"SearchAction\",\"target\":{\"@type\":\"EntryPoint\",\"urlTemplate\":\"https:\\\/\\\/www.battlekart.com\\\/fr\\\/?s={search_term_string}\"},\"query-input\":{\"@type\":\"PropertyValueSpecification\",\"valueRequired\":true,\"valueName\":\"search_term_string\"}}],\"inLanguage\":\"fr-FR\"},{\"@type\":\"Organization\",\"@id\":\"https:\\\/\\\/www.battlekart.com\\\/fr\\\/#organization\",\"name\":\"BattleKart\",\"url\":\"https:\\\/\\\/www.battlekart.com\\\/fr\\\/\",\"logo\":{\"@type\":\"ImageObject\",\"inLanguage\":\"fr-FR\",\"@id\":\"https:\\\/\\\/www.battlekart.com\\\/fr\\\/#\\\/schema\\\/logo\\\/image\\\/\",\"url\":\"https:\\\/\\\/wp-content.battlekart.com\\\/www\\\/uploads\\\/2022\\\/11\\\/Logo-BattleKart.png\",\"contentUrl\":\"https:\\\/\\\/wp-content.battlekart.com\\\/www\\\/uploads\\\/2022\\\/11\\\/Logo-BattleKart.png\",\"width\":1000,\"height\":750,\"caption\":\"BattleKart\"},\"image\":{\"@id\":\"https:\\\/\\\/www.battlekart.com\\\/fr\\\/#\\\/schema\\\/logo\\\/image\\\/\"},\"sameAs\":[\"https:\\\/\\\/www.facebook.com\\\/battlekart\",\"https:\\\/\\\/x.com\\\/battlekart\",\"https:\\\/\\\/www.instagram.com\\\/battlekart\\\/\",\"https:\\\/\\\/be.linkedin.com\\\/company\\\/battlekart\",\"https:\\\/\\\/www.youtube.com\\\/@BattleKart\",\"https:\\\/\\\/www.tiktok.com\\\/@battlekart\"]}]}<\/script>\n<!-- \/ Yoast SEO plugin. -->","yoast_head_json":{"title":"BattleKart - Conditions g\u00e9n\u00e9rales de vente","description":"S\u00e9lectionne ton centre BattleKart favori et parcours les conditions g\u00e9n\u00e9rales de vente qui y sont d\u2019application.","robots":{"index":"index","follow":"follow","max-snippet":"max-snippet:-1","max-image-preview":"max-image-preview:large","max-video-preview":"max-video-preview:-1"},"canonical":"https:\/\/www.battlekart.com\/fr\/terms\/","og_locale":"fr_FR","og_type":"article","og_title":"BattleKart - Conditions g\u00e9n\u00e9rales de vente","og_description":"S\u00e9lectionne ton centre BattleKart favori et parcours les conditions g\u00e9n\u00e9rales de vente qui y sont d\u2019application.","og_url":"https:\/\/www.battlekart.com\/fr\/terms\/","og_site_name":"BattleKart","article_publisher":"https:\/\/www.facebook.com\/battlekart","article_modified_time":"2025-10-06T12:40:24+00:00","twitter_card":"summary_large_image","twitter_title":"BattleKart - Conditions g\u00e9n\u00e9rales de vente","twitter_description":"S\u00e9lectionne ton centre BattleKart favori et parcours les conditions g\u00e9n\u00e9rales de vente qui y sont d\u2019application.","twitter_site":"@battlekart","twitter_misc":{"Dur\u00e9e de lecture estim\u00e9e":"1 minute"},"schema":{"@context":"https:\/\/schema.org","@graph":[{"@type":"WebPage","@id":"https:\/\/www.battlekart.com\/fr\/terms\/","url":"https:\/\/www.battlekart.com\/fr\/terms\/","name":"BattleKart - Conditions g\u00e9n\u00e9rales de vente","isPartOf":{"@id":"https:\/\/www.battlekart.com\/fr\/#website"},"datePublished":"2022-12-01T13:28:48+00:00","dateModified":"2025-10-06T12:40:24+00:00","description":"S\u00e9lectionne ton centre BattleKart favori et parcours les conditions g\u00e9n\u00e9rales de vente qui y sont d\u2019application.","breadcrumb":{"@id":"https:\/\/www.battlekart.com\/fr\/terms\/#breadcrumb"},"inLanguage":"fr-FR","potentialAction":[{"@type":"ReadAction","target":["https:\/\/www.battlekart.com\/fr\/terms\/"]}]},{"@type":"BreadcrumbList","@id":"https:\/\/www.battlekart.com\/fr\/terms\/#breadcrumb","itemListElement":[{"@type":"ListItem","position":1,"name":"Home","item":"https:\/\/www.battlekart.com\/fr\/"},{"@type":"ListItem","position":2,"name":"Conditions g\u00e9n\u00e9rales de vente"}]},{"@type":"WebSite","@id":"https:\/\/www.battlekart.com\/fr\/#website","url":"https:\/\/www.battlekart.com\/fr\/","name":"BattleKart","description":"Beyond Reality","publisher":{"@id":"https:\/\/www.battlekart.com\/fr\/#organization"},"potentialAction":[{"@type":"SearchAction","target":{"@type":"EntryPoint","urlTemplate":"https:\/\/www.battlekart.com\/fr\/?s={search_term_string}"},"query-input":{"@type":"PropertyValueSpecification","valueRequired":true,"valueName":"search_term_string"}}],"inLanguage":"fr-FR"},{"@type":"Organization","@id":"https:\/\/www.battlekart.com\/fr\/#organization","name":"BattleKart","url":"https:\/\/www.battlekart.com\/fr\/","logo":{"@type":"ImageObject","inLanguage":"fr-FR","@id":"https:\/\/www.battlekart.com\/fr\/#\/schema\/logo\/image\/","url":"https:\/\/wp-content.battlekart.com\/www\/uploads\/2022\/11\/Logo-BattleKart.png","contentUrl":"https:\/\/wp-content.battlekart.com\/www\/uploads\/2022\/11\/Logo-BattleKart.png","width":1000,"height":750,"caption":"BattleKart"},"image":{"@id":"https:\/\/www.battlekart.com\/fr\/#\/schema\/logo\/image\/"},"sameAs":["https:\/\/www.facebook.com\/battlekart","https:\/\/x.com\/battlekart","https:\/\/www.instagram.com\/battlekart\/","https:\/\/be.linkedin.com\/company\/battlekart","https:\/\/www.youtube.com\/@BattleKart","https:\/\/www.tiktok.com\/@battlekart"]}]}},"_links":{"self":[{"href":"https:\/\/www.battlekart.com\/fr\/wp-json\/wp\/v2\/pages\/4547","targetHints":{"allow":["GET"]}}],"collection":[{"href":"https:\/\/www.battlekart.com\/fr\/wp-json\/wp\/v2\/pages"}],"about":[{"href":"https:\/\/www.battlekart.com\/fr\/wp-json\/wp\/v2\/types\/page"}],"author":[{"embeddable":true,"href":"https:\/\/www.battlekart.com\/fr\/wp-json\/wp\/v2\/users\/5"}],"replies":[{"embeddable":true,"href":"https:\/\/www.battlekart.com\/fr\/wp-json\/wp\/v2\/comments?post=4547"}],"version-history":[{"count":0,"href":"https:\/\/www.battlekart.com\/fr\/wp-json\/wp\/v2\/pages\/4547\/revisions"}],"wp:attachment":[{"href":"https:\/\/www.battlekart.com\/fr\/wp-json\/wp\/v2\/media?parent=4547"}],"curies":[{"name":"wp","href":"https:\/\/api.w.org\/{rel}","templated":true}]}}