{"id":508968,"date":"2023-11-27T08:44:38","date_gmt":"2023-11-27T08:44:38","guid":{"rendered":"https:\/\/www.battlekart.com\/paris-ouest-dreux\/"},"modified":"2024-12-20T14:42:04","modified_gmt":"2024-12-20T14:42:04","slug":"paris-ouest-dreux","status":"publish","type":"page","link":"https:\/\/www.battlekart.com\/fr\/paris-ouest-dreux\/","title":{"rendered":"Paris-Ouest-Dreux"},"content":{"rendered":"","protected":false},"excerpt":{"rendered":"","protected":false},"author":591,"featured_media":534355,"parent":0,"menu_order":0,"comment_status":"closed","ping_status":"closed","template":"","meta":{"inline_featured_image":false,"footnotes":""},"class_list":["post-508968","page","type-page","status-publish","has-post-thumbnail","hentry"],"yoast_head":"<!-- This site is optimized with the Yoast SEO plugin v27.5 - https:\/\/yoast.com\/product\/yoast-seo-wordpress\/ -->\n<title>BattleKart - Votre karting avec r\u00e9alit\u00e9 augment\u00e9e \u00e0 Paris-Ouest-Dreux<\/title>\n<meta name=\"description\" content=\"BattleKart Paris-Ouest-Dreux : d\u00e9couvrez nos horaires et tarifs, et pr\u00e9parez-vous pour une exp\u00e9rience unique. R\u00e9servez d\u00e8s maintenant !\" \/>\n<meta name=\"robots\" content=\"index, follow, max-snippet:-1, max-image-preview:large, max-video-preview:-1\" \/>\n<link rel=\"canonical\" href=\"https:\/\/www.battlekart.com\/fr\/paris-ouest-dreux\/\" \/>\n<meta property=\"og:locale\" content=\"fr_FR\" \/>\n<meta property=\"og:type\" content=\"article\" \/>\n<meta property=\"og:title\" content=\"BattleKart Paris-Ouest-Dreux, des rires garantis !\" \/>\n<meta property=\"og:description\" content=\"Activit\u00e9 unique avec BattleKart Paris-Ouest-Dreux, d\u00e9couvre nos modes de jeu d\u00e9jant\u00e9s !\" \/>\n<meta property=\"og:url\" content=\"https:\/\/www.battlekart.com\/fr\/paris-ouest-dreux\/\" \/>\n<meta property=\"og:site_name\" content=\"BattleKart\" \/>\n<meta property=\"article:publisher\" content=\"https:\/\/www.facebook.com\/battlekart\" \/>\n<meta property=\"article:modified_time\" content=\"2024-12-20T14:42:04+00:00\" \/>\n<meta property=\"og:image\" content=\"https:\/\/wp-content.battlekart.com\/www\/uploads\/2024\/11\/paris_ouest_dreux.png\" \/>\n\t<meta property=\"og:image:width\" content=\"1000\" \/>\n\t<meta property=\"og:image:height\" content=\"1000\" \/>\n\t<meta property=\"og:image:type\" content=\"image\/png\" \/>\n<meta name=\"twitter:card\" content=\"summary_large_image\" \/>\n<meta name=\"twitter:site\" content=\"@battlekart\" \/>\n<meta name=\"twitter:label1\" content=\"Dur\u00e9e de lecture estim\u00e9e\" \/>\n\t<meta name=\"twitter:data1\" content=\"1 minute\" \/>\n<script type=\"application\/ld+json\" class=\"yoast-schema-graph\">{\"@context\":\"https:\\\/\\\/schema.org\",\"@graph\":[{\"@type\":\"WebPage\",\"@id\":\"https:\\\/\\\/www.battlekart.com\\\/fr\\\/paris-ouest-dreux\\\/\",\"url\":\"https:\\\/\\\/www.battlekart.com\\\/fr\\\/paris-ouest-dreux\\\/\",\"name\":\"BattleKart - Votre karting avec r\u00e9alit\u00e9 augment\u00e9e \u00e0 Paris-Ouest-Dreux\",\"isPartOf\":{\"@id\":\"https:\\\/\\\/www.battlekart.com\\\/fr\\\/#website\"},\"primaryImageOfPage\":{\"@id\":\"https:\\\/\\\/www.battlekart.com\\\/fr\\\/paris-ouest-dreux\\\/#primaryimage\"},\"image\":{\"@id\":\"https:\\\/\\\/www.battlekart.com\\\/fr\\\/paris-ouest-dreux\\\/#primaryimage\"},\"thumbnailUrl\":\"https:\\\/\\\/wp-content.battlekart.com\\\/www\\\/uploads\\\/2024\\\/11\\\/paris_ouest_dreux.png\",\"datePublished\":\"2023-11-27T08:44:38+00:00\",\"dateModified\":\"2024-12-20T14:42:04+00:00\",\"description\":\"BattleKart Paris-Ouest-Dreux : d\u00e9couvrez nos horaires et tarifs, et pr\u00e9parez-vous pour une exp\u00e9rience unique. R\u00e9servez d\u00e8s maintenant !\",\"breadcrumb\":{\"@id\":\"https:\\\/\\\/www.battlekart.com\\\/fr\\\/paris-ouest-dreux\\\/#breadcrumb\"},\"inLanguage\":\"fr-FR\",\"potentialAction\":[{\"@type\":\"ReadAction\",\"target\":[\"https:\\\/\\\/www.battlekart.com\\\/fr\\\/paris-ouest-dreux\\\/\"]}]},{\"@type\":\"ImageObject\",\"inLanguage\":\"fr-FR\",\"@id\":\"https:\\\/\\\/www.battlekart.com\\\/fr\\\/paris-ouest-dreux\\\/#primaryimage\",\"url\":\"https:\\\/\\\/wp-content.battlekart.com\\\/www\\\/uploads\\\/2024\\\/11\\\/paris_ouest_dreux.png\",\"contentUrl\":\"https:\\\/\\\/wp-content.battlekart.com\\\/www\\\/uploads\\\/2024\\\/11\\\/paris_ouest_dreux.png\",\"width\":1000,\"height\":1000},{\"@type\":\"BreadcrumbList\",\"@id\":\"https:\\\/\\\/www.battlekart.com\\\/fr\\\/paris-ouest-dreux\\\/#breadcrumb\",\"itemListElement\":[{\"@type\":\"ListItem\",\"position\":1,\"name\":\"Home\",\"item\":\"https:\\\/\\\/www.battlekart.com\\\/fr\\\/\"},{\"@type\":\"ListItem\",\"position\":2,\"name\":\"Paris-Ouest-Dreux\"}]},{\"@type\":\"WebSite\",\"@id\":\"https:\\\/\\\/www.battlekart.com\\\/fr\\\/#website\",\"url\":\"https:\\\/\\\/www.battlekart.com\\\/fr\\\/\",\"name\":\"BattleKart\",\"description\":\"Beyond Reality\",\"publisher\":{\"@id\":\"https:\\\/\\\/www.battlekart.com\\\/fr\\\/#organization\"},\"potentialAction\":[{\"@type\":\"SearchAction\",\"target\":{\"@type\":\"EntryPoint\",\"urlTemplate\":\"https:\\\/\\\/www.battlekart.com\\\/fr\\\/?s={search_term_string}\"},\"query-input\":{\"@type\":\"PropertyValueSpecification\",\"valueRequired\":true,\"valueName\":\"search_term_string\"}}],\"inLanguage\":\"fr-FR\"},{\"@type\":\"Organization\",\"@id\":\"https:\\\/\\\/www.battlekart.com\\\/fr\\\/#organization\",\"name\":\"BattleKart\",\"url\":\"https:\\\/\\\/www.battlekart.com\\\/fr\\\/\",\"logo\":{\"@type\":\"ImageObject\",\"inLanguage\":\"fr-FR\",\"@id\":\"https:\\\/\\\/www.battlekart.com\\\/fr\\\/#\\\/schema\\\/logo\\\/image\\\/\",\"url\":\"https:\\\/\\\/wp-content.battlekart.com\\\/www\\\/uploads\\\/2022\\\/11\\\/Logo-BattleKart.png\",\"contentUrl\":\"https:\\\/\\\/wp-content.battlekart.com\\\/www\\\/uploads\\\/2022\\\/11\\\/Logo-BattleKart.png\",\"width\":1000,\"height\":750,\"caption\":\"BattleKart\"},\"image\":{\"@id\":\"https:\\\/\\\/www.battlekart.com\\\/fr\\\/#\\\/schema\\\/logo\\\/image\\\/\"},\"sameAs\":[\"https:\\\/\\\/www.facebook.com\\\/battlekart\",\"https:\\\/\\\/x.com\\\/battlekart\",\"https:\\\/\\\/www.instagram.com\\\/battlekart\\\/\",\"https:\\\/\\\/be.linkedin.com\\\/company\\\/battlekart\",\"https:\\\/\\\/www.youtube.com\\\/@BattleKart\",\"https:\\\/\\\/www.tiktok.com\\\/@battlekart\"]}]}<\/script>\n<!-- \/ Yoast SEO plugin. -->","yoast_head_json":{"title":"BattleKart - Votre karting avec r\u00e9alit\u00e9 augment\u00e9e \u00e0 Paris-Ouest-Dreux","description":"BattleKart Paris-Ouest-Dreux : d\u00e9couvrez nos horaires et tarifs, et pr\u00e9parez-vous pour une exp\u00e9rience unique. R\u00e9servez d\u00e8s maintenant !","robots":{"index":"index","follow":"follow","max-snippet":"max-snippet:-1","max-image-preview":"max-image-preview:large","max-video-preview":"max-video-preview:-1"},"canonical":"https:\/\/www.battlekart.com\/fr\/paris-ouest-dreux\/","og_locale":"fr_FR","og_type":"article","og_title":"BattleKart Paris-Ouest-Dreux, des rires garantis !","og_description":"Activit\u00e9 unique avec BattleKart Paris-Ouest-Dreux, d\u00e9couvre nos modes de jeu d\u00e9jant\u00e9s !","og_url":"https:\/\/www.battlekart.com\/fr\/paris-ouest-dreux\/","og_site_name":"BattleKart","article_publisher":"https:\/\/www.facebook.com\/battlekart","article_modified_time":"2024-12-20T14:42:04+00:00","og_image":[{"width":1000,"height":1000,"url":"https:\/\/wp-content.battlekart.com\/www\/uploads\/2024\/11\/paris_ouest_dreux.png","type":"image\/png"}],"twitter_card":"summary_large_image","twitter_site":"@battlekart","twitter_misc":{"Dur\u00e9e de lecture estim\u00e9e":"1 minute"},"schema":{"@context":"https:\/\/schema.org","@graph":[{"@type":"WebPage","@id":"https:\/\/www.battlekart.com\/fr\/paris-ouest-dreux\/","url":"https:\/\/www.battlekart.com\/fr\/paris-ouest-dreux\/","name":"BattleKart - Votre karting avec r\u00e9alit\u00e9 augment\u00e9e \u00e0 Paris-Ouest-Dreux","isPartOf":{"@id":"https:\/\/www.battlekart.com\/fr\/#website"},"primaryImageOfPage":{"@id":"https:\/\/www.battlekart.com\/fr\/paris-ouest-dreux\/#primaryimage"},"image":{"@id":"https:\/\/www.battlekart.com\/fr\/paris-ouest-dreux\/#primaryimage"},"thumbnailUrl":"https:\/\/wp-content.battlekart.com\/www\/uploads\/2024\/11\/paris_ouest_dreux.png","datePublished":"2023-11-27T08:44:38+00:00","dateModified":"2024-12-20T14:42:04+00:00","description":"BattleKart Paris-Ouest-Dreux : d\u00e9couvrez nos horaires et tarifs, et pr\u00e9parez-vous pour une exp\u00e9rience unique. R\u00e9servez d\u00e8s maintenant !","breadcrumb":{"@id":"https:\/\/www.battlekart.com\/fr\/paris-ouest-dreux\/#breadcrumb"},"inLanguage":"fr-FR","potentialAction":[{"@type":"ReadAction","target":["https:\/\/www.battlekart.com\/fr\/paris-ouest-dreux\/"]}]},{"@type":"ImageObject","inLanguage":"fr-FR","@id":"https:\/\/www.battlekart.com\/fr\/paris-ouest-dreux\/#primaryimage","url":"https:\/\/wp-content.battlekart.com\/www\/uploads\/2024\/11\/paris_ouest_dreux.png","contentUrl":"https:\/\/wp-content.battlekart.com\/www\/uploads\/2024\/11\/paris_ouest_dreux.png","width":1000,"height":1000},{"@type":"BreadcrumbList","@id":"https:\/\/www.battlekart.com\/fr\/paris-ouest-dreux\/#breadcrumb","itemListElement":[{"@type":"ListItem","position":1,"name":"Home","item":"https:\/\/www.battlekart.com\/fr\/"},{"@type":"ListItem","position":2,"name":"Paris-Ouest-Dreux"}]},{"@type":"WebSite","@id":"https:\/\/www.battlekart.com\/fr\/#website","url":"https:\/\/www.battlekart.com\/fr\/","name":"BattleKart","description":"Beyond Reality","publisher":{"@id":"https:\/\/www.battlekart.com\/fr\/#organization"},"potentialAction":[{"@type":"SearchAction","target":{"@type":"EntryPoint","urlTemplate":"https:\/\/www.battlekart.com\/fr\/?s={search_term_string}"},"query-input":{"@type":"PropertyValueSpecification","valueRequired":true,"valueName":"search_term_string"}}],"inLanguage":"fr-FR"},{"@type":"Organization","@id":"https:\/\/www.battlekart.com\/fr\/#organization","name":"BattleKart","url":"https:\/\/www.battlekart.com\/fr\/","logo":{"@type":"ImageObject","inLanguage":"fr-FR","@id":"https:\/\/www.battlekart.com\/fr\/#\/schema\/logo\/image\/","url":"https:\/\/wp-content.battlekart.com\/www\/uploads\/2022\/11\/Logo-BattleKart.png","contentUrl":"https:\/\/wp-content.battlekart.com\/www\/uploads\/2022\/11\/Logo-BattleKart.png","width":1000,"height":750,"caption":"BattleKart"},"image":{"@id":"https:\/\/www.battlekart.com\/fr\/#\/schema\/logo\/image\/"},"sameAs":["https:\/\/www.facebook.com\/battlekart","https:\/\/x.com\/battlekart","https:\/\/www.instagram.com\/battlekart\/","https:\/\/be.linkedin.com\/company\/battlekart","https:\/\/www.youtube.com\/@BattleKart","https:\/\/www.tiktok.com\/@battlekart"]}]}},"_links":{"self":[{"href":"https:\/\/www.battlekart.com\/fr\/wp-json\/wp\/v2\/pages\/508968","targetHints":{"allow":["GET"]}}],"collection":[{"href":"https:\/\/www.battlekart.com\/fr\/wp-json\/wp\/v2\/pages"}],"about":[{"href":"https:\/\/www.battlekart.com\/fr\/wp-json\/wp\/v2\/types\/page"}],"author":[{"embeddable":true,"href":"https:\/\/www.battlekart.com\/fr\/wp-json\/wp\/v2\/users\/591"}],"replies":[{"embeddable":true,"href":"https:\/\/www.battlekart.com\/fr\/wp-json\/wp\/v2\/comments?post=508968"}],"version-history":[{"count":0,"href":"https:\/\/www.battlekart.com\/fr\/wp-json\/wp\/v2\/pages\/508968\/revisions"}],"wp:featuredmedia":[{"embeddable":true,"href":"https:\/\/www.battlekart.com\/fr\/wp-json\/wp\/v2\/media\/534355"}],"wp:attachment":[{"href":"https:\/\/www.battlekart.com\/fr\/wp-json\/wp\/v2\/media?parent=508968"}],"curies":[{"name":"wp","href":"https:\/\/api.w.org\/{rel}","templated":true}]}}