{"id":565377,"date":"2025-12-22T11:00:27","date_gmt":"2025-12-22T11:00:27","guid":{"rendered":"https:\/\/www.battlekart.com\/?page_id=565377"},"modified":"2026-05-06T14:32:50","modified_gmt":"2026-05-06T14:32:50","slug":"carte-fidelite-2026","status":"publish","type":"page","link":"https:\/\/www.battlekart.com\/fr\/carte-fidelite-2026\/","title":{"rendered":"Carte de fid\u00e9lit\u00e9 &#8211; Conditions g\u00e9n\u00e9rales"},"content":{"rendered":"\t\t<div data-elementor-type=\"wp-page\" data-elementor-id=\"565377\" class=\"elementor elementor-565377 elementor-565188\" data-elementor-post-type=\"page\">\n\t\t\t\t<div class=\"elementor-element elementor-element-638f966 e-flex e-con-boxed e-con e-parent\" data-id=\"638f966\" data-element_type=\"container\" data-e-type=\"container\">\n\t\t\t\t\t<div class=\"e-con-inner\">\n\t\t\t\t\t<\/div>\n\t\t\t\t<\/div>\n\t\t\t\t<section class=\"elementor-section elementor-top-section elementor-element elementor-element-36b84771 elementor-section-boxed elementor-section-height-default elementor-section-height-default\" data-id=\"36b84771\" data-element_type=\"section\" data-e-type=\"section\">\n\t\t\t\t\t\t<div class=\"elementor-container elementor-column-gap-default\">\n\t\t\t\t\t<div class=\"elementor-column elementor-col-100 elementor-top-column elementor-element elementor-element-9c43c7b\" data-id=\"9c43c7b\" data-element_type=\"column\" data-e-type=\"column\">\n\t\t\t<div class=\"elementor-widget-wrap elementor-element-populated\">\n\t\t\t\t\t\t<section class=\"elementor-section elementor-inner-section elementor-element elementor-element-242a4aea elementor-section-boxed elementor-section-height-default elementor-section-height-default\" data-id=\"242a4aea\" data-element_type=\"section\" data-e-type=\"section\">\n\t\t\t\t\t\t<div class=\"elementor-container elementor-column-gap-default\">\n\t\t\t\t\t<div class=\"elementor-column elementor-col-50 elementor-inner-column elementor-element elementor-element-570667f7\" data-id=\"570667f7\" data-element_type=\"column\" data-e-type=\"column\">\n\t\t\t<div class=\"elementor-widget-wrap\">\n\t\t\t\t\t\t\t<\/div>\n\t\t<\/div>\n\t\t\t\t<div class=\"elementor-column elementor-col-50 elementor-inner-column elementor-element elementor-element-44ae85d2\" data-id=\"44ae85d2\" data-element_type=\"column\" data-e-type=\"column\">\n\t\t\t<div class=\"elementor-widget-wrap\">\n\t\t\t\t\t\t\t<\/div>\n\t\t<\/div>\n\t\t\t\t\t<\/div>\n\t\t<\/section>\n\t\t\t\t\t<\/div>\n\t\t<\/div>\n\t\t\t\t\t<\/div>\n\t\t<\/section>\n\t\t\t\t<section class=\"elementor-section elementor-top-section elementor-element elementor-element-c6a4346 elementor-section-boxed elementor-section-height-default elementor-section-height-default\" data-id=\"c6a4346\" data-element_type=\"section\" data-e-type=\"section\">\n\t\t\t\t\t\t<div class=\"elementor-container elementor-column-gap-default\">\n\t\t\t\t\t<div class=\"elementor-column elementor-col-100 elementor-top-column elementor-element elementor-element-4e5c79fc\" data-id=\"4e5c79fc\" data-element_type=\"column\" data-e-type=\"column\">\n\t\t\t<div class=\"elementor-widget-wrap\">\n\t\t\t\t\t\t\t<\/div>\n\t\t<\/div>\n\t\t\t\t\t<\/div>\n\t\t<\/section>\n\t\t\t\t<section class=\"elementor-section elementor-top-section elementor-element elementor-element-658ec498 elementor-section-boxed elementor-section-height-default elementor-section-height-default\" data-id=\"658ec498\" data-element_type=\"section\" data-e-type=\"section\">\n\t\t\t\t\t\t<div class=\"elementor-container elementor-column-gap-default\">\n\t\t\t\t\t<div class=\"elementor-column elementor-col-100 elementor-top-column elementor-element elementor-element-ca1a9c0\" data-id=\"ca1a9c0\" data-element_type=\"column\" data-e-type=\"column\">\n\t\t\t<div class=\"elementor-widget-wrap elementor-element-populated\">\n\t\t\t\t\t\t<div class=\"elementor-element elementor-element-2995ffd4 elementor-widget elementor-widget-spacer\" data-id=\"2995ffd4\" data-element_type=\"widget\" data-e-type=\"widget\" data-widget_type=\"spacer.default\">\n\t\t\t\t<div class=\"elementor-widget-container\">\n\t\t\t\t\t\t\t<div class=\"elementor-spacer\">\n\t\t\t<div class=\"elementor-spacer-inner\"><\/div>\n\t\t<\/div>\n\t\t\t\t\t\t<\/div>\n\t\t\t\t<\/div>\n\t\t\t\t<div class=\"elementor-element elementor-element-3a47477d elementor-widget__width-initial elementor-widget elementor-widget-text-editor\" data-id=\"3a47477d\" data-element_type=\"widget\" data-e-type=\"widget\" data-widget_type=\"text-editor.default\">\n\t\t\t\t<div class=\"elementor-widget-container\">\n\t\t\t\t\t\t\t\t\t<h2 data-start=\"135\" data-end=\"197\"><strong data-start=\"138\" data-end=\"197\">Programme de fid\u00e9lit\u00e9 BattleKart \u2013 Conditions g\u00e9n\u00e9rales<\/strong><\/h2>\n<h3 data-start=\"199\" data-end=\"221\"><strong data-start=\"203\" data-end=\"221\">1. G\u00e9n\u00e9ralit\u00e9s<\/strong><\/h3>\n<p data-start=\"222\" data-end=\"488\">Le programme de fid\u00e9lit\u00e9 BattleKart permet aux clients de b\u00e9n\u00e9ficier d\u2019une partie gratuite apr\u00e8s avoir jou\u00e9 \u00e0 plusieurs reprises, selon les conditions d\u00e9crites ci-dessous. En participant au programme de fid\u00e9lit\u00e9, le client accepte les pr\u00e9sentes conditions g\u00e9n\u00e9rales.<\/p>\n<h3 data-start=\"490\" data-end=\"540\"><strong data-start=\"494\" data-end=\"540\">2. Fonctionnement du programme de fid\u00e9lit\u00e9<\/strong><\/h3>\n<ul data-start=\"541\" data-end=\"966\">\n<li data-start=\"541\" data-end=\"643\">\n<p data-start=\"543\" data-end=\"643\">\u00c0 chaque partie de BattleKart jou\u00e9e, le joueur re\u00e7oit un tampon sur sa carte de fid\u00e9lit\u00e9 BattleKart.<\/p>\n<\/li>\n<li data-start=\"644\" data-end=\"720\">\n<p data-start=\"646\" data-end=\"720\">Apr\u00e8s quatre (4) parties jou\u00e9es, le joueur re\u00e7oit une (1) partie gratuite.<\/p>\n<\/li>\n<li data-start=\"721\" data-end=\"835\">\n<p data-start=\"723\" data-end=\"835\">Une partie n\u2019est consid\u00e9r\u00e9e comme valable que si le joueur encode son adresse e-mail dans le champ \u00ab\u00a0Pr\u00e9noms des joueurs\u00a0\u00bb du syst\u00e8me de r\u00e9servation avant la partie.<\/p>\n<\/li>\n<li data-start=\"836\" data-end=\"966\">\n<p data-start=\"838\" data-end=\"966\">Les parties pour lesquelles la m\u00eame adresse e-mail n\u2019a pas \u00e9t\u00e9 enregistr\u00e9e ne donnent pas droit \u00e0 un tampon sur la carte de fid\u00e9lit\u00e9.<\/p>\n<\/li>\n<\/ul>\n<p data-start=\"968\" data-end=\"1158\">La carte de fid\u00e9lit\u00e9 BattleKart est toujours li\u00e9e \u00e0 une adresse e-mail unique. Seules les parties <b><u>jou\u00e9es<\/u><\/b> avec cette adresse e-mail sont prises en compte pour l\u2019attribution des tampons. M\u00eame si l&rsquo;adresse est utilis\u00e9e pour la r\u00e9servation, mais que le champ \u00ab\u00a0pr\u00e9nom des joueurs\u00a0\u00bb pr\u00e9-encod\u00e9 avec cette m\u00eame adresse est effac\u00e9 et remplac\u00e9 par un pseudo ou une autre adresse e-mail, l&rsquo;attribution automatique de la 5e partie gratuite ne fonctionnera pas !<\/p>\n<h3 data-start=\"1160\" data-end=\"1229\"><strong data-start=\"1164\" data-end=\"1229\">3. Attribution des tampons et utilisation de l\u2019adresse e-mail<\/strong><\/h3>\n<p data-start=\"1230\" data-end=\"1410\">Si plusieurs joueurs participent \u00e0 une m\u00eame session en utilisant une seule adresse e-mail commune, un seul tampon sera attribu\u00e9 sur la carte de fid\u00e9lit\u00e9 li\u00e9e \u00e0 cette adresse e-mail.<\/p>\n<p data-start=\"1412\" data-end=\"1616\">Si plusieurs joueurs participent \u00e0 une m\u00eame session et utilisent chacun leur propre adresse e-mail dans le champ \u00ab\u00a0Pr\u00e9nom des joueurs\u00a0\u00bb, chaque joueur re\u00e7oit un tampon sur sa propre carte de fid\u00e9lit\u00e9 li\u00e9e \u00e0 son adresse e-mail personnelle.<\/p>\n<h3 data-start=\"1618\" data-end=\"1670\"><strong data-start=\"1622\" data-end=\"1670\">4. Conditions d\u2019octroi de la partie gratuite<\/strong><\/h3>\n<ul data-start=\"1671\" data-end=\"2142\">\n<li data-start=\"1671\" data-end=\"1752\">\n<p data-start=\"1673\" data-end=\"1752\">La partie gratuite n\u2019est pas accord\u00e9e le jour o\u00f9 la quatri\u00e8me partie est jou\u00e9e.<\/p>\n<\/li>\n<li data-start=\"1753\" data-end=\"1863\">\n<p data-start=\"1755\" data-end=\"1863\">La partie gratuite peut \u00eatre jou\u00e9e \u00e0 partir de trois (3) jours au plus tard apr\u00e8s la quatri\u00e8me partie jou\u00e9e.<\/p>\n<\/li>\n<li data-start=\"1864\" data-end=\"1978\">\n<p data-start=\"1866\" data-end=\"1978\">Si la partie gratuite n\u2019est pas utilis\u00e9e dans un d\u00e9lai de douze (12) mois, le droit \u00e0 la partie gratuite expire.<\/p>\n<\/li>\n<li data-start=\"1979\" data-end=\"2142\">\n<p data-start=\"1981\" data-end=\"2142\">La partie gratuite n\u2019est ni \u00e9changeable contre de l\u2019argent, ni transf\u00e9rable, et ne peut \u00eatre cumul\u00e9e avec d\u2019autres promotions ou actions, sauf mention contraire.<\/p>\n<\/li>\n<\/ul>\n<p data-start=\"2144\" data-end=\"2542\">Si une carte de fid\u00e9lit\u00e9 est enti\u00e8rement compl\u00e9t\u00e9e (4 tampons) et que le client joue et paie une partie suppl\u00e9mentaire le m\u00eame jour (la partie gratuite ne pouvant pas \u00eatre jou\u00e9e le jour m\u00eame), une nouvelle carte de fid\u00e9lit\u00e9 peut \u00eatre remise au client. Pour cette partie suppl\u00e9mentaire pay\u00e9e, un tampon peut \u00eatre attribu\u00e9 sur la nouvelle carte, dans l\u2019attente de l\u2019utilisation de la partie gratuite.<\/p>\n<h3 data-start=\"2544\" data-end=\"2602\"><strong data-start=\"2548\" data-end=\"2602\">5. Validit\u00e9 et utilisation de la carte de fid\u00e9lit\u00e9<\/strong><\/h3>\n<ul data-start=\"2603\" data-end=\"2968\">\n<li data-start=\"2603\" data-end=\"2698\">\n<p data-start=\"2605\" data-end=\"2698\">La carte de fid\u00e9lit\u00e9 BattleKart est valable dans tous les centres BattleKart participants (Mouscron, Courtrai, Tour&amp;Taxis, Gand, Genk, Herentals, Anvers).<\/p>\n<\/li>\n<li data-start=\"2699\" data-end=\"2773\">\n<p data-start=\"2701\" data-end=\"2773\">Chaque centre utilise son propre tampon portant les initiales du centre.<\/p>\n<\/li>\n<li data-start=\"2774\" data-end=\"2877\">\n<p data-start=\"2776\" data-end=\"2877\">La carte peut \u00eatre attribu\u00e9e \u00e0 tous les clients, y compris ceux participant via des r\u00e9servations B2B.<\/p>\n<\/li>\n<li data-start=\"2878\" data-end=\"2968\">\n<p data-start=\"2880\" data-end=\"2968\">La carte reste la propri\u00e9t\u00e9 de BattleKart et peut \u00eatre refus\u00e9e ou retir\u00e9e en cas d\u2019abus.<\/p>\n<\/li>\n<\/ul>\n<h3 data-start=\"2970\" data-end=\"2989\"><strong data-start=\"2974\" data-end=\"2989\">6. Employ\u00e9s<\/strong><\/h3>\n<p data-start=\"2990\" data-end=\"3183\">Aucun tampon n\u2019est attribu\u00e9 aux employ\u00e9s de BattleKart. Les parties jou\u00e9es par les employ\u00e9s sont consid\u00e9r\u00e9es comme gratuites et ne donnent pas droit \u00e0 la participation au programme de fid\u00e9lit\u00e9.<\/p>\n<h3 data-start=\"3185\" data-end=\"3222\"><strong data-start=\"3189\" data-end=\"3222\">7. Enregistrement et contr\u00f4le<\/strong><\/h3>\n<ul data-start=\"3223\" data-end=\"3488\">\n<li data-start=\"3223\" data-end=\"3345\">\n<p data-start=\"3225\" data-end=\"3345\">BattleKart se r\u00e9serve le droit de contr\u00f4ler et de v\u00e9rifier le nombre de parties jou\u00e9es avec l\u2019adresse e-mail enregistr\u00e9e.<\/p>\n<\/li>\n<li data-start=\"3346\" data-end=\"3488\">\n<p data-start=\"3348\" data-end=\"3488\">En cas de suspicion de fraude, d\u2019abus ou d\u2019irr\u00e9gularit\u00e9s, BattleKart peut refuser ou mettre fin \u00e0 la participation au programme de fid\u00e9lit\u00e9.<\/p>\n<\/li>\n<\/ul>\n<h3 data-start=\"3490\" data-end=\"3515\"><strong data-start=\"3494\" data-end=\"3515\">8. Responsabilit\u00e9<\/strong><\/h3>\n<ul data-start=\"3516\" data-end=\"3736\">\n<li data-start=\"3516\" data-end=\"3626\">\n<p data-start=\"3518\" data-end=\"3626\">BattleKart d\u00e9cline toute responsabilit\u00e9 en cas de perte, de vol ou de d\u00e9t\u00e9rioration de la carte de fid\u00e9lit\u00e9.<\/p>\n<\/li>\n<li data-start=\"3627\" data-end=\"3736\">\n<p data-start=\"3629\" data-end=\"3736\">En cas de litige, les donn\u00e9es enregistr\u00e9es par BattleKart font foi et sont consid\u00e9r\u00e9es comme d\u00e9terminantes.<\/p>\n<\/li>\n<\/ul>\n<h3 data-start=\"3738\" data-end=\"3762\"><strong data-start=\"3742\" data-end=\"3762\">9. Modifications<\/strong><\/h3>\n<ul data-start=\"3763\" data-end=\"4048\">\n<li data-start=\"3763\" data-end=\"3934\">\n<p data-start=\"3765\" data-end=\"3934\">BattleKart se r\u00e9serve le droit de modifier ou de mettre fin au programme de fid\u00e9lit\u00e9 et\/ou aux pr\u00e9sentes conditions g\u00e9n\u00e9rales \u00e0 tout moment, sans notification pr\u00e9alable.<\/p>\n<\/li>\n<li data-start=\"3935\" data-end=\"4048\">\n<p data-start=\"3937\" data-end=\"4048\">La version la plus r\u00e9cente des conditions g\u00e9n\u00e9rales est toujours disponible sur le site internet de BattleKart.<\/p>\n<\/li>\n<\/ul>\t\t\t\t\t\t\t\t<\/div>\n\t\t\t\t<\/div>\n\t\t\t\t\t<\/div>\n\t\t<\/div>\n\t\t\t\t\t<\/div>\n\t\t<\/section>\n\t\t\t\t<\/div>\n\t\t","protected":false},"excerpt":{"rendered":"<p>Programme de fid\u00e9lit\u00e9 BattleKart \u2013 Conditions g\u00e9n\u00e9rales 1. G\u00e9n\u00e9ralit\u00e9s Le programme de fid\u00e9lit\u00e9 BattleKart permet aux clients de b\u00e9n\u00e9ficier d\u2019une partie gratuite apr\u00e8s avoir jou\u00e9 \u00e0 plusieurs reprises, selon les conditions d\u00e9crites ci-dessous. En participant au programme de fid\u00e9lit\u00e9, le client accepte les pr\u00e9sentes conditions g\u00e9n\u00e9rales. 2. Fonctionnement du programme de fid\u00e9lit\u00e9 \u00c0 chaque partie [&hellip;]<\/p>\n","protected":false},"author":393,"featured_media":0,"parent":0,"menu_order":0,"comment_status":"closed","ping_status":"closed","template":"","meta":{"inline_featured_image":false,"footnotes":""},"class_list":["post-565377","page","type-page","status-publish","hentry"],"yoast_head":"<!-- This site is optimized with the Yoast SEO plugin v27.5 - https:\/\/yoast.com\/product\/yoast-seo-wordpress\/ -->\n<title>Carte de fid\u00e9lit\u00e9 - Conditions g\u00e9n\u00e9rales - BattleKart<\/title>\n<meta name=\"robots\" content=\"index, follow, max-snippet:-1, max-image-preview:large, max-video-preview:-1\" \/>\n<link rel=\"canonical\" href=\"https:\/\/www.battlekart.com\/fr\/carte-fidelite-2026\/\" \/>\n<meta property=\"og:locale\" content=\"fr_FR\" \/>\n<meta property=\"og:type\" content=\"article\" \/>\n<meta property=\"og:title\" content=\"Carte de fid\u00e9lit\u00e9 - Conditions g\u00e9n\u00e9rales - BattleKart\" \/>\n<meta property=\"og:description\" content=\"Programme de fid\u00e9lit\u00e9 BattleKart \u2013 Conditions g\u00e9n\u00e9rales 1. G\u00e9n\u00e9ralit\u00e9s Le programme de fid\u00e9lit\u00e9 BattleKart permet aux clients de b\u00e9n\u00e9ficier d\u2019une partie gratuite apr\u00e8s avoir jou\u00e9 \u00e0 plusieurs reprises, selon les conditions d\u00e9crites ci-dessous. En participant au programme de fid\u00e9lit\u00e9, le client accepte les pr\u00e9sentes conditions g\u00e9n\u00e9rales. 2. Fonctionnement du programme de fid\u00e9lit\u00e9 \u00c0 chaque partie [&hellip;]\" \/>\n<meta property=\"og:url\" content=\"https:\/\/www.battlekart.com\/fr\/carte-fidelite-2026\/\" \/>\n<meta property=\"og:site_name\" content=\"BattleKart\" \/>\n<meta property=\"article:publisher\" content=\"https:\/\/www.facebook.com\/battlekart\" \/>\n<meta property=\"article:modified_time\" content=\"2026-05-06T14:32:50+00:00\" \/>\n<meta name=\"twitter:card\" content=\"summary_large_image\" \/>\n<meta name=\"twitter:site\" content=\"@battlekart\" \/>\n<meta name=\"twitter:label1\" content=\"Dur\u00e9e de lecture estim\u00e9e\" \/>\n\t<meta name=\"twitter:data1\" content=\"4 minutes\" \/>\n<script type=\"application\/ld+json\" class=\"yoast-schema-graph\">{\"@context\":\"https:\\\/\\\/schema.org\",\"@graph\":[{\"@type\":\"WebPage\",\"@id\":\"https:\\\/\\\/www.battlekart.com\\\/fr\\\/carte-fidelite-2026\\\/\",\"url\":\"https:\\\/\\\/www.battlekart.com\\\/fr\\\/carte-fidelite-2026\\\/\",\"name\":\"Carte de fid\u00e9lit\u00e9 - Conditions g\u00e9n\u00e9rales - BattleKart\",\"isPartOf\":{\"@id\":\"https:\\\/\\\/www.battlekart.com\\\/fr\\\/#website\"},\"datePublished\":\"2025-12-22T11:00:27+00:00\",\"dateModified\":\"2026-05-06T14:32:50+00:00\",\"breadcrumb\":{\"@id\":\"https:\\\/\\\/www.battlekart.com\\\/fr\\\/carte-fidelite-2026\\\/#breadcrumb\"},\"inLanguage\":\"fr-FR\",\"potentialAction\":[{\"@type\":\"ReadAction\",\"target\":[\"https:\\\/\\\/www.battlekart.com\\\/fr\\\/carte-fidelite-2026\\\/\"]}]},{\"@type\":\"BreadcrumbList\",\"@id\":\"https:\\\/\\\/www.battlekart.com\\\/fr\\\/carte-fidelite-2026\\\/#breadcrumb\",\"itemListElement\":[{\"@type\":\"ListItem\",\"position\":1,\"name\":\"Home\",\"item\":\"https:\\\/\\\/www.battlekart.com\\\/fr\\\/\"},{\"@type\":\"ListItem\",\"position\":2,\"name\":\"Carte de fid\u00e9lit\u00e9 &#8211; Conditions g\u00e9n\u00e9rales\"}]},{\"@type\":\"WebSite\",\"@id\":\"https:\\\/\\\/www.battlekart.com\\\/fr\\\/#website\",\"url\":\"https:\\\/\\\/www.battlekart.com\\\/fr\\\/\",\"name\":\"BattleKart\",\"description\":\"Beyond Reality\",\"publisher\":{\"@id\":\"https:\\\/\\\/www.battlekart.com\\\/fr\\\/#organization\"},\"potentialAction\":[{\"@type\":\"SearchAction\",\"target\":{\"@type\":\"EntryPoint\",\"urlTemplate\":\"https:\\\/\\\/www.battlekart.com\\\/fr\\\/?s={search_term_string}\"},\"query-input\":{\"@type\":\"PropertyValueSpecification\",\"valueRequired\":true,\"valueName\":\"search_term_string\"}}],\"inLanguage\":\"fr-FR\"},{\"@type\":\"Organization\",\"@id\":\"https:\\\/\\\/www.battlekart.com\\\/fr\\\/#organization\",\"name\":\"BattleKart\",\"url\":\"https:\\\/\\\/www.battlekart.com\\\/fr\\\/\",\"logo\":{\"@type\":\"ImageObject\",\"inLanguage\":\"fr-FR\",\"@id\":\"https:\\\/\\\/www.battlekart.com\\\/fr\\\/#\\\/schema\\\/logo\\\/image\\\/\",\"url\":\"https:\\\/\\\/wp-content.battlekart.com\\\/www\\\/uploads\\\/2022\\\/11\\\/Logo-BattleKart.png\",\"contentUrl\":\"https:\\\/\\\/wp-content.battlekart.com\\\/www\\\/uploads\\\/2022\\\/11\\\/Logo-BattleKart.png\",\"width\":1000,\"height\":750,\"caption\":\"BattleKart\"},\"image\":{\"@id\":\"https:\\\/\\\/www.battlekart.com\\\/fr\\\/#\\\/schema\\\/logo\\\/image\\\/\"},\"sameAs\":[\"https:\\\/\\\/www.facebook.com\\\/battlekart\",\"https:\\\/\\\/x.com\\\/battlekart\",\"https:\\\/\\\/www.instagram.com\\\/battlekart\\\/\",\"https:\\\/\\\/be.linkedin.com\\\/company\\\/battlekart\",\"https:\\\/\\\/www.youtube.com\\\/@BattleKart\",\"https:\\\/\\\/www.tiktok.com\\\/@battlekart\"]}]}<\/script>\n<!-- \/ Yoast SEO plugin. -->","yoast_head_json":{"title":"Carte de fid\u00e9lit\u00e9 - Conditions g\u00e9n\u00e9rales - BattleKart","robots":{"index":"index","follow":"follow","max-snippet":"max-snippet:-1","max-image-preview":"max-image-preview:large","max-video-preview":"max-video-preview:-1"},"canonical":"https:\/\/www.battlekart.com\/fr\/carte-fidelite-2026\/","og_locale":"fr_FR","og_type":"article","og_title":"Carte de fid\u00e9lit\u00e9 - Conditions g\u00e9n\u00e9rales - BattleKart","og_description":"Programme de fid\u00e9lit\u00e9 BattleKart \u2013 Conditions g\u00e9n\u00e9rales 1. G\u00e9n\u00e9ralit\u00e9s Le programme de fid\u00e9lit\u00e9 BattleKart permet aux clients de b\u00e9n\u00e9ficier d\u2019une partie gratuite apr\u00e8s avoir jou\u00e9 \u00e0 plusieurs reprises, selon les conditions d\u00e9crites ci-dessous. En participant au programme de fid\u00e9lit\u00e9, le client accepte les pr\u00e9sentes conditions g\u00e9n\u00e9rales. 2. Fonctionnement du programme de fid\u00e9lit\u00e9 \u00c0 chaque partie [&hellip;]","og_url":"https:\/\/www.battlekart.com\/fr\/carte-fidelite-2026\/","og_site_name":"BattleKart","article_publisher":"https:\/\/www.facebook.com\/battlekart","article_modified_time":"2026-05-06T14:32:50+00:00","twitter_card":"summary_large_image","twitter_site":"@battlekart","twitter_misc":{"Dur\u00e9e de lecture estim\u00e9e":"4 minutes"},"schema":{"@context":"https:\/\/schema.org","@graph":[{"@type":"WebPage","@id":"https:\/\/www.battlekart.com\/fr\/carte-fidelite-2026\/","url":"https:\/\/www.battlekart.com\/fr\/carte-fidelite-2026\/","name":"Carte de fid\u00e9lit\u00e9 - Conditions g\u00e9n\u00e9rales - BattleKart","isPartOf":{"@id":"https:\/\/www.battlekart.com\/fr\/#website"},"datePublished":"2025-12-22T11:00:27+00:00","dateModified":"2026-05-06T14:32:50+00:00","breadcrumb":{"@id":"https:\/\/www.battlekart.com\/fr\/carte-fidelite-2026\/#breadcrumb"},"inLanguage":"fr-FR","potentialAction":[{"@type":"ReadAction","target":["https:\/\/www.battlekart.com\/fr\/carte-fidelite-2026\/"]}]},{"@type":"BreadcrumbList","@id":"https:\/\/www.battlekart.com\/fr\/carte-fidelite-2026\/#breadcrumb","itemListElement":[{"@type":"ListItem","position":1,"name":"Home","item":"https:\/\/www.battlekart.com\/fr\/"},{"@type":"ListItem","position":2,"name":"Carte de fid\u00e9lit\u00e9 &#8211; Conditions g\u00e9n\u00e9rales"}]},{"@type":"WebSite","@id":"https:\/\/www.battlekart.com\/fr\/#website","url":"https:\/\/www.battlekart.com\/fr\/","name":"BattleKart","description":"Beyond Reality","publisher":{"@id":"https:\/\/www.battlekart.com\/fr\/#organization"},"potentialAction":[{"@type":"SearchAction","target":{"@type":"EntryPoint","urlTemplate":"https:\/\/www.battlekart.com\/fr\/?s={search_term_string}"},"query-input":{"@type":"PropertyValueSpecification","valueRequired":true,"valueName":"search_term_string"}}],"inLanguage":"fr-FR"},{"@type":"Organization","@id":"https:\/\/www.battlekart.com\/fr\/#organization","name":"BattleKart","url":"https:\/\/www.battlekart.com\/fr\/","logo":{"@type":"ImageObject","inLanguage":"fr-FR","@id":"https:\/\/www.battlekart.com\/fr\/#\/schema\/logo\/image\/","url":"https:\/\/wp-content.battlekart.com\/www\/uploads\/2022\/11\/Logo-BattleKart.png","contentUrl":"https:\/\/wp-content.battlekart.com\/www\/uploads\/2022\/11\/Logo-BattleKart.png","width":1000,"height":750,"caption":"BattleKart"},"image":{"@id":"https:\/\/www.battlekart.com\/fr\/#\/schema\/logo\/image\/"},"sameAs":["https:\/\/www.facebook.com\/battlekart","https:\/\/x.com\/battlekart","https:\/\/www.instagram.com\/battlekart\/","https:\/\/be.linkedin.com\/company\/battlekart","https:\/\/www.youtube.com\/@BattleKart","https:\/\/www.tiktok.com\/@battlekart"]}]}},"_links":{"self":[{"href":"https:\/\/www.battlekart.com\/fr\/wp-json\/wp\/v2\/pages\/565377","targetHints":{"allow":["GET"]}}],"collection":[{"href":"https:\/\/www.battlekart.com\/fr\/wp-json\/wp\/v2\/pages"}],"about":[{"href":"https:\/\/www.battlekart.com\/fr\/wp-json\/wp\/v2\/types\/page"}],"author":[{"embeddable":true,"href":"https:\/\/www.battlekart.com\/fr\/wp-json\/wp\/v2\/users\/393"}],"replies":[{"embeddable":true,"href":"https:\/\/www.battlekart.com\/fr\/wp-json\/wp\/v2\/comments?post=565377"}],"version-history":[{"count":0,"href":"https:\/\/www.battlekart.com\/fr\/wp-json\/wp\/v2\/pages\/565377\/revisions"}],"wp:attachment":[{"href":"https:\/\/www.battlekart.com\/fr\/wp-json\/wp\/v2\/media?parent=565377"}],"curies":[{"name":"wp","href":"https:\/\/api.w.org\/{rel}","templated":true}]}}